{"id":75374,"date":"2026-02-08T11:02:53","date_gmt":"2026-02-08T16:02:53","guid":{"rendered":"https:\/\/canadaor.com\/?page_id=75374"},"modified":"2026-03-20T12:42:27","modified_gmt":"2026-03-20T16:42:27","slug":"merci-de-vous-etre-abonne","status":"publish","type":"page","link":"https:\/\/canadaor.com\/en\/merci-de-vous-etre-abonne\/","title":{"rendered":"Thank you for subscribing."},"content":{"rendered":"\n<div class=\"et_pb_section_0 et_pb_section et_section_regular et_block_section\"><div class=\"et_pb_row_0 et_pb_row et_pb_equal_columns et_block_row\"><div class=\"et_pb_column_0 et_pb_column et_pb_column_4_4 et-last-child et_block_column et_pb_css_mix_blend_mode_passthrough\"><div class=\"et_pb_text_0 et_pb_text et_pb_bg_layout_light et_pb_module et_block_module preset--module--divi-text--default\"><div class=\"et_pb_text_inner\"><h1>Merci de vous \u00eatre abonn\u00e9.<\/h1>\n<\/div><\/div><\/div><\/div><\/div><div class=\"et_pb_section_1 et_pb_section et_section_regular et_block_section\"><div class=\"et_pb_row_1 et_pb_row et_block_row\"><div class=\"et_pb_column_1 et_pb_column et_pb_column_4_4 et-last-child et_block_column et_pb_css_mix_blend_mode_passthrough\"><div class=\"et_pb_text_1 et_pb_text et_pb_bg_layout_light et_pb_module et_block_module preset--module--divi-text--default\"><div class=\"et_pb_text_inner\"><div data-plaintext=\"true\" data-pm-slice=\"1 1 [&quot;codeblock&quot;,{&quot;style&quot;:null,&quot;codeblock&quot;:true,&quot;textAlign&quot;:null,&quot;syntaxLanguage&quot;:null,&quot;lineWrapping&quot;:false}]\" data-en-clipboard=\"true\"><span><span><a href=\"https:\/\/canadaor.com\/\">Accueil<\/a><\/span><\/span><\/div>\n<\/div><\/div><\/div><\/div><\/div><div class=\"et_pb_section_2 et_pb_section et_section_regular et_block_section\"><div class=\"et_pb_row_2 et_pb_row et_block_row\"><div class=\"et_pb_column_2 et_pb_column et_pb_column_4_4 et-last-child et_block_column et_pb_css_mix_blend_mode_passthrough\"><div class=\"et_pb_text_2 et_pb_text et_pb_bg_layout_light et_pb_module et_block_module preset--module--divi-text--default\"><div class=\"et_pb_text_inner\"><p>Merci de l\u2019int\u00e9r\u00eat que vous portez \u00e0 Canada Gold et de votre inscription \u00e0 notre bulletin d\u2019information.<\/p>\n<p>Toutes les informations que vous fournissez dans ce formulaire resteront confidentielles et seront utilis\u00e9es uniquement par les employ\u00e9s de Canada Gold pour ajouter votre adresse courriel \u00e0 notre liste d\u2019abonn\u00e9s \u00e0 la newsletter. Vous pouvez vous d\u00e9sabonner \u00e0 tout moment et pour toute question, veuillez nous contacter \u00e0 l\u2019adresse suivante : <a href=\"mailto:%20media@canadagold.ca\">media@canadagold.ca<\/a>.<\/p>\n<\/div><\/div><\/div><\/div><\/div>\n","protected":false},"excerpt":{"rendered":"","protected":false},"author":1,"featured_media":0,"parent":0,"menu_order":0,"comment_status":"closed","ping_status":"closed","template":"","meta":{"_acf_changed":false,"footnotes":""},"class_list":["post-75374","page","type-page","status-publish","hentry"],"acf":[],"yoast_head":"<!-- This site is optimized with the Yoast SEO plugin v27.2 - https:\/\/yoast.com\/product\/yoast-seo-wordpress\/ -->\n<title>Merci de vous \u00eatre abonn\u00e9. - CanadaOr<\/title>\n<meta name=\"robots\" content=\"index, follow, max-snippet:-1, max-image-preview:large, max-video-preview:-1\" \/>\n<link rel=\"canonical\" href=\"https:\/\/canadaor.com\/en\/merci-de-vous-etre-abonne\/\" \/>\n<meta property=\"og:locale\" content=\"en_US\" \/>\n<meta property=\"og:type\" content=\"article\" \/>\n<meta property=\"og:title\" content=\"Merci de vous \u00eatre abonn\u00e9. - CanadaOr\" \/>\n<meta property=\"og:url\" content=\"https:\/\/canadaor.com\/en\/merci-de-vous-etre-abonne\/\" \/>\n<meta property=\"og:site_name\" content=\"CanadaOr\" \/>\n<meta property=\"article:publisher\" content=\"https:\/\/www.facebook.com\/CanadaGoldBBB\" \/>\n<meta property=\"article:modified_time\" content=\"2026-03-20T16:42:27+00:00\" \/>\n<meta property=\"og:image\" content=\"https:\/\/canadaor.com\/wp-content\/uploads\/2025\/10\/Canada-Gold-Regional-Web-Logo-Navy-With-White-Background_Quebec_FR.png\" \/>\n\t<meta property=\"og:image:width\" content=\"813\" \/>\n\t<meta property=\"og:image:height\" content=\"156\" \/>\n\t<meta property=\"og:image:type\" content=\"image\/png\" \/>\n<meta name=\"twitter:card\" content=\"summary_large_image\" \/>\n<meta name=\"twitter:site\" content=\"@canadagoldbbb\" \/>\n<meta name=\"twitter:label1\" content=\"Est. reading time\" \/>\n\t<meta name=\"twitter:data1\" content=\"1 minute\" \/>\n<script type=\"application\/ld+json\" class=\"yoast-schema-graph\">{\"@context\":\"https:\/\/schema.org\",\"@graph\":[{\"@type\":\"WebPage\",\"@id\":\"https:\/\/canadaor.com\/merci-de-vous-etre-abonne\/\",\"url\":\"https:\/\/canadaor.com\/merci-de-vous-etre-abonne\/\",\"name\":\"Merci de vous \u00eatre abonn\u00e9. - CanadaOr\",\"isPartOf\":{\"@id\":\"https:\/\/canadaor.com\/#website\"},\"datePublished\":\"2026-02-08T16:02:53+00:00\",\"dateModified\":\"2026-03-20T16:42:27+00:00\",\"breadcrumb\":{\"@id\":\"https:\/\/canadaor.com\/merci-de-vous-etre-abonne\/#breadcrumb\"},\"inLanguage\":\"en-CA\",\"potentialAction\":[{\"@type\":\"ReadAction\",\"target\":[\"https:\/\/canadaor.com\/merci-de-vous-etre-abonne\/\"]}]},{\"@type\":\"BreadcrumbList\",\"@id\":\"https:\/\/canadaor.com\/merci-de-vous-etre-abonne\/#breadcrumb\",\"itemListElement\":[{\"@type\":\"ListItem\",\"position\":1,\"name\":\"Accueil\",\"item\":\"https:\/\/canadaor.com\/\"},{\"@type\":\"ListItem\",\"position\":2,\"name\":\"Merci de vous \u00eatre abonn\u00e9.\"}]},{\"@type\":\"WebSite\",\"@id\":\"https:\/\/canadaor.com\/#website\",\"url\":\"https:\/\/canadaor.com\/\",\"name\":\"CanadaOr\",\"description\":\"A Division of Canada Gold\",\"publisher\":{\"@id\":\"https:\/\/canadaor.com\/#organization\"},\"potentialAction\":[{\"@type\":\"SearchAction\",\"target\":{\"@type\":\"EntryPoint\",\"urlTemplate\":\"https:\/\/canadaor.com\/?s={search_term_string}\"},\"query-input\":{\"@type\":\"PropertyValueSpecification\",\"valueRequired\":true,\"valueName\":\"search_term_string\"}}],\"inLanguage\":\"en-CA\"},{\"@type\":\"Organization\",\"@id\":\"https:\/\/canadaor.com\/#organization\",\"name\":\"Canada Or\",\"url\":\"https:\/\/canadaor.com\/\",\"logo\":{\"@type\":\"ImageObject\",\"inLanguage\":\"en-CA\",\"@id\":\"https:\/\/canadaor.com\/#\/schema\/logo\/image\/\",\"url\":\"https:\/\/canadaor.com\/wp-content\/uploads\/2025\/01\/cropped-favicon.png\",\"contentUrl\":\"https:\/\/canadaor.com\/wp-content\/uploads\/2025\/01\/cropped-favicon.png\",\"width\":512,\"height\":512,\"caption\":\"Canada Or\"},\"image\":{\"@id\":\"https:\/\/canadaor.com\/#\/schema\/logo\/image\/\"},\"sameAs\":[\"https:\/\/www.facebook.com\/CanadaGoldBBB\",\"https:\/\/x.com\/canadagoldbbb\"]}]}<\/script>\n<!-- \/ Yoast SEO plugin. -->","yoast_head_json":{"title":"Thank you for subscribing. - CanadaGold","robots":{"index":"index","follow":"follow","max-snippet":"max-snippet:-1","max-image-preview":"max-image-preview:large","max-video-preview":"max-video-preview:-1"},"canonical":"https:\/\/canadaor.com\/en\/merci-de-vous-etre-abonne\/","og_locale":"en_US","og_type":"article","og_title":"Merci de vous \u00eatre abonn\u00e9. - CanadaOr","og_url":"https:\/\/canadaor.com\/en\/merci-de-vous-etre-abonne\/","og_site_name":"CanadaOr","article_publisher":"https:\/\/www.facebook.com\/CanadaGoldBBB","article_modified_time":"2026-03-20T16:42:27+00:00","og_image":[{"width":813,"height":156,"url":"https:\/\/canadaor.com\/wp-content\/uploads\/2025\/10\/Canada-Gold-Regional-Web-Logo-Navy-With-White-Background_Quebec_FR.png","type":"image\/png"}],"twitter_card":"summary_large_image","twitter_site":"@canadagoldbbb","twitter_misc":{"Est. reading time":"1 minute"},"schema":{"@context":"https:\/\/schema.org","@graph":[{"@type":"WebPage","@id":"https:\/\/canadaor.com\/merci-de-vous-etre-abonne\/","url":"https:\/\/canadaor.com\/merci-de-vous-etre-abonne\/","name":"Thank you for subscribing. - CanadaGold","isPartOf":{"@id":"https:\/\/canadaor.com\/#website"},"datePublished":"2026-02-08T16:02:53+00:00","dateModified":"2026-03-20T16:42:27+00:00","breadcrumb":{"@id":"https:\/\/canadaor.com\/merci-de-vous-etre-abonne\/#breadcrumb"},"inLanguage":"en-CA","potentialAction":[{"@type":"ReadAction","target":["https:\/\/canadaor.com\/merci-de-vous-etre-abonne\/"]}]},{"@type":"BreadcrumbList","@id":"https:\/\/canadaor.com\/merci-de-vous-etre-abonne\/#breadcrumb","itemListElement":[{"@type":"ListItem","position":1,"name":"Accueil","item":"https:\/\/canadaor.com\/"},{"@type":"ListItem","position":2,"name":"Merci de vous \u00eatre abonn\u00e9."}]},{"@type":"WebSite","@id":"https:\/\/canadaor.com\/#website","url":"https:\/\/canadaor.com\/","name":"CanadaGold","description":"A Division of Canada Gold","publisher":{"@id":"https:\/\/canadaor.com\/#organization"},"potentialAction":[{"@type":"SearchAction","target":{"@type":"EntryPoint","urlTemplate":"https:\/\/canadaor.com\/?s={search_term_string}"},"query-input":{"@type":"PropertyValueSpecification","valueRequired":true,"valueName":"search_term_string"}}],"inLanguage":"en-CA"},{"@type":"Organization","@id":"https:\/\/canadaor.com\/#organization","name":"Canada Gold","url":"https:\/\/canadaor.com\/","logo":{"@type":"ImageObject","inLanguage":"en-CA","@id":"https:\/\/canadaor.com\/#\/schema\/logo\/image\/","url":"https:\/\/canadaor.com\/wp-content\/uploads\/2025\/01\/cropped-favicon.png","contentUrl":"https:\/\/canadaor.com\/wp-content\/uploads\/2025\/01\/cropped-favicon.png","width":512,"height":512,"caption":"Canada Or"},"image":{"@id":"https:\/\/canadaor.com\/#\/schema\/logo\/image\/"},"sameAs":["https:\/\/www.facebook.com\/CanadaGoldBBB","https:\/\/x.com\/canadagoldbbb"]}]}},"_links":{"self":[{"href":"https:\/\/canadaor.com\/en\/wp-json\/wp\/v2\/pages\/75374","targetHints":{"allow":["GET"]}}],"collection":[{"href":"https:\/\/canadaor.com\/en\/wp-json\/wp\/v2\/pages"}],"about":[{"href":"https:\/\/canadaor.com\/en\/wp-json\/wp\/v2\/types\/page"}],"author":[{"embeddable":true,"href":"https:\/\/canadaor.com\/en\/wp-json\/wp\/v2\/users\/1"}],"replies":[{"embeddable":true,"href":"https:\/\/canadaor.com\/en\/wp-json\/wp\/v2\/comments?post=75374"}],"version-history":[{"count":0,"href":"https:\/\/canadaor.com\/en\/wp-json\/wp\/v2\/pages\/75374\/revisions"}],"wp:attachment":[{"href":"https:\/\/canadaor.com\/en\/wp-json\/wp\/v2\/media?parent=75374"}],"curies":[{"name":"wp","href":"https:\/\/api.w.org\/{rel}","templated":true}]}}